{"id":139,"date":"2015-01-07T10:39:24","date_gmt":"2015-01-07T09:39:24","guid":{"rendered":"http:\/\/www.oldtimerfreunde-steina.de\/oldtimer_steina\/?page_id=139"},"modified":"2023-08-10T23:32:18","modified_gmt":"2023-08-10T21:32:18","slug":"deutz","status":"publish","type":"page","link":"http:\/\/www.oldtimerfreunde-steina.de\/oldtimer_steina\/mitglieder-der-oldtimerfreunde-steina-ig\/deutz\/","title":{"rendered":"Holder B12"},"content":{"rendered":"<table>\n<tbody>\n<tr>\n<td><a href=\"http:\/\/www.oldtimerfreunde-steina.de\/oldtimer_steina\/wp-content\/uploads\/2015\/01\/DSCN4208.jpg\" data-rel=\"lightbox-image-0\" data-rl_title=\"\" data-rl_caption=\"\" title=\"\"><img loading=\"lazy\" decoding=\"async\" class=\"  wp-image-167 alignnone\" src=\"http:\/\/www.oldtimerfreunde-steina.de\/oldtimer_steina\/wp-content\/uploads\/2015\/01\/DSCN4208-300x224.jpg\" alt=\"Deutz - Rolf\" width=\"276\" height=\"206\" srcset=\"http:\/\/www.oldtimerfreunde-steina.de\/oldtimer_steina\/wp-content\/uploads\/2015\/01\/DSCN4208-300x224.jpg 300w, http:\/\/www.oldtimerfreunde-steina.de\/oldtimer_steina\/wp-content\/uploads\/2015\/01\/DSCN4208-1024x766.jpg 1024w\" sizes=\"auto, (max-width: 276px) 100vw, 276px\" \/><\/a><\/td>\n<td><a href=\"http:\/\/www.oldtimerfreunde-steina.de\/oldtimer_steina\/wp-content\/uploads\/2015\/01\/DSCN4209.jpg\" data-rel=\"lightbox-image-1\" data-rl_title=\"\" data-rl_caption=\"\" title=\"\"><img loading=\"lazy\" decoding=\"async\" class=\"  wp-image-263 alignnone\" src=\"http:\/\/www.oldtimerfreunde-steina.de\/oldtimer_steina\/wp-content\/uploads\/2015\/01\/DSCN4209-300x224.jpg\" alt=\"DSCN4209\" width=\"268\" height=\"200\" srcset=\"http:\/\/www.oldtimerfreunde-steina.de\/oldtimer_steina\/wp-content\/uploads\/2015\/01\/DSCN4209-300x224.jpg 300w, http:\/\/www.oldtimerfreunde-steina.de\/oldtimer_steina\/wp-content\/uploads\/2015\/01\/DSCN4209-1024x766.jpg 1024w\" sizes=\"auto, (max-width: 268px) 100vw, 268px\" \/><\/a><a href=\"http:\/\/www.oldtimerfreunde-steina.de\/oldtimer_steina\/wp-content\/uploads\/2015\/01\/IMG_0159.jpg\" data-rel=\"lightbox-image-2\" data-rl_title=\"\" data-rl_caption=\"\" title=\"\"><br \/>\n<\/a><\/td>\n<\/tr>\n<tr>\n<td><a href=\"http:\/\/www.oldtimerfreunde-steina.de\/oldtimer_steina\/wp-content\/uploads\/2015\/01\/IMG_0183.jpg\" data-rel=\"lightbox-image-3\" data-rl_title=\"\" data-rl_caption=\"\" title=\"\"><img loading=\"lazy\" decoding=\"async\" class=\"  wp-image-266 alignnone\" src=\"http:\/\/www.oldtimerfreunde-steina.de\/oldtimer_steina\/wp-content\/uploads\/2015\/01\/IMG_0183-300x225.jpg\" alt=\"IMG_0183\" width=\"279\" height=\"209\" srcset=\"http:\/\/www.oldtimerfreunde-steina.de\/oldtimer_steina\/wp-content\/uploads\/2015\/01\/IMG_0183-300x225.jpg 300w, http:\/\/www.oldtimerfreunde-steina.de\/oldtimer_steina\/wp-content\/uploads\/2015\/01\/IMG_0183-1024x768.jpg 1024w\" sizes=\"auto, (max-width: 279px) 100vw, 279px\" \/><\/a><\/td>\n<td><a href=\"http:\/\/www.oldtimerfreunde-steina.de\/oldtimer_steina\/wp-content\/uploads\/2015\/01\/DSCN4210.jpg\" data-rel=\"lightbox-image-4\" data-rl_title=\"\" data-rl_caption=\"\" title=\"\"><img loading=\"lazy\" decoding=\"async\" class=\"  wp-image-264 alignnone\" src=\"http:\/\/www.oldtimerfreunde-steina.de\/oldtimer_steina\/wp-content\/uploads\/2015\/01\/DSCN4210-300x224.jpg\" alt=\"DSCN4210\" width=\"267\" height=\"199\" srcset=\"http:\/\/www.oldtimerfreunde-steina.de\/oldtimer_steina\/wp-content\/uploads\/2015\/01\/DSCN4210-300x224.jpg 300w, http:\/\/www.oldtimerfreunde-steina.de\/oldtimer_steina\/wp-content\/uploads\/2015\/01\/DSCN4210-1024x766.jpg 1024w\" sizes=\"auto, (max-width: 267px) 100vw, 267px\" \/><\/a><\/td>\n<\/tr>\n<\/tbody>\n<\/table>\n<p>Einzylinder &#8211; Zweitakt Diesel<br \/>\n12 PS, 600 ccm<br \/>\n6 Vorw\u00e4rts und 2 R\u00fcckw\u00e4rtsg\u00e4nge<br \/>\n2 Zapfwellen<br \/>\nErstzulassung 21.04.1958<br \/>\n<strong>vorgesehene Einsatzgebiete<\/strong>:<br \/>\n&#8211; Baumschulen \/ G\u00e4rtnereien \/ Weinbaubetriebe<br \/>\n&#8211; kleinere landwirtschaftliche Nebenerwerbsbetriebe der\u00a0sechziger Jahre<\/p>\n<p style=\"text-align: justify;\"><strong>Historie des Fahrzeug:<\/strong><br \/>\n1958 bis ca. 1970: Einsatz in 2 landwirtschaftlichen Betrieben im Raum Hamburg. Der B12 wurde vom damaligen Besitzer dann mit Motorschaden stillgelegt und stand zum Verkauf. 1970 wurde der B12 dann von meinen Eltern gekauft (Standort 26639 Wiesmoor). \u00a0Der Motorschaden wurde behoben, das Fahrzeug insgesamt \u00fcberholt und neu lackiert. Von 1972 bis 2011 war der B12 dann f\u00fcr leichtere Hof- und Wiesenarbeiten im Einsatz. Im Herbst 2011 habe ich den Traktor dann von meinen Eltern \u00fcbernommen. Neuer Standort ist jetzt 01920 Steina. Nach insgesamt 53 Arbeitsjahren war eine vollst\u00e4ndige Restauration zwingend notwendig, welche zum Fr\u00fchjahr 2012 abgeschlossen wurde. Seit Fr\u00fchjahr 2012 erstrahlt der B12 wieder im alten Glanz und wird f\u00fcr leichtere Arbeiten und Oldtimertreffen eingesetzt.<\/p>\n","protected":false},"excerpt":{"rendered":"<p>Einzylinder &#8211; Zweitakt Diesel 12 PS, 600 ccm 6 Vorw\u00e4rts und 2 R\u00fcckw\u00e4rtsg\u00e4nge 2 Zapfwellen Erstzulassung 21.04.1958 vorgesehene Einsatzgebiete: &#8211; Baumschulen \/ G\u00e4rtnereien \/ Weinbaubetriebe &#8211; kleinere landwirtschaftliche Nebenerwerbsbetriebe der\u00a0sechziger Jahre Historie des Fahrzeug: 1958 bis ca. 1970: Einsatz in &hellip; <a href=\"http:\/\/www.oldtimerfreunde-steina.de\/oldtimer_steina\/mitglieder-der-oldtimerfreunde-steina-ig\/deutz\/\">Continue reading <span class=\"meta-nav\">&rarr;<\/span><\/a><\/p>\n","protected":false},"author":4,"featured_media":0,"parent":11,"menu_order":0,"comment_status":"closed","ping_status":"closed","template":"","meta":{"footnotes":""},"class_list":["post-139","page","type-page","status-publish","hentry"],"_links":{"self":[{"href":"http:\/\/www.oldtimerfreunde-steina.de\/oldtimer_steina\/wp-json\/wp\/v2\/pages\/139","targetHints":{"allow":["GET"]}}],"collection":[{"href":"http:\/\/www.oldtimerfreunde-steina.de\/oldtimer_steina\/wp-json\/wp\/v2\/pages"}],"about":[{"href":"http:\/\/www.oldtimerfreunde-steina.de\/oldtimer_steina\/wp-json\/wp\/v2\/types\/page"}],"author":[{"embeddable":true,"href":"http:\/\/www.oldtimerfreunde-steina.de\/oldtimer_steina\/wp-json\/wp\/v2\/users\/4"}],"replies":[{"embeddable":true,"href":"http:\/\/www.oldtimerfreunde-steina.de\/oldtimer_steina\/wp-json\/wp\/v2\/comments?post=139"}],"version-history":[{"count":11,"href":"http:\/\/www.oldtimerfreunde-steina.de\/oldtimer_steina\/wp-json\/wp\/v2\/pages\/139\/revisions"}],"predecessor-version":[{"id":407,"href":"http:\/\/www.oldtimerfreunde-steina.de\/oldtimer_steina\/wp-json\/wp\/v2\/pages\/139\/revisions\/407"}],"up":[{"embeddable":true,"href":"http:\/\/www.oldtimerfreunde-steina.de\/oldtimer_steina\/wp-json\/wp\/v2\/pages\/11"}],"wp:attachment":[{"href":"http:\/\/www.oldtimerfreunde-steina.de\/oldtimer_steina\/wp-json\/wp\/v2\/media?parent=139"}],"curies":[{"name":"wp","href":"https:\/\/api.w.org\/{rel}","templated":true}]}}